{"id":27846,"date":"2022-03-06T11:56:46","date_gmt":"2022-03-06T10:56:46","guid":{"rendered":"https:\/\/pitoeuf.ch\/?post_type=product&#038;p=27846"},"modified":"2026-01-08T17:07:06","modified_gmt":"2026-01-08T16:07:06","slug":"terrine-mit-grunem-pfeffer","status":"publish","type":"product","link":"https:\/\/pitoeuf.ch\/de\/produkt\/terrine-mit-grunem-pfeffer\/","title":{"rendered":"Terrine mit gr\u00fcnem Pfeffer"},"content":{"rendered":"<p>Schweinefleisch, Speck, Wasser, Schweineleber, Nitritp\u00f6kelsalz, gr\u00fcner Pfeffer, Zwiebel, S\u00e4uerungsmittel, Tapiokast\u00e4rke, Kartoffelst\u00e4rke, Michzucker, Gew\u00fcrze, Milcheiweiss, Gelatine, Dextrose, Aromen<\/p>\n","protected":false},"excerpt":{"rendered":"<p>Schweinefleisch, Speck, Wasser, Schweineleber, Nitritp\u00f6kelsalz, gr\u00fcner Pfeffer, Zwiebel, S\u00e4uerungsmittel, Tapiokast\u00e4rke, Kartoffelst\u00e4rke, Michzucker, Gew\u00fcrze, Milcheiweiss, Gelatine, Dextrose, Aromen<\/p>\n","protected":false},"featured_media":41011,"template":"","meta":[],"product_brand":[],"product_cat":[9243],"product_tag":[385,387],"class_list":{"0":"post-27846","1":"product","2":"type-product","3":"status-publish","4":"has-post-thumbnail","6":"product_cat-fleisch_aufschnitt_terrinen","7":"product_tag-suisse-de","8":"product_tag-wochenpreise-de","9":"pa_conditionnement-frisches","11":"first","12":"outofstock","13":"shipping-taxable","14":"purchasable","15":"product-type-pitoeuf","16":"add-to-wishlist-before_image"},"_links":{"self":[{"href":"https:\/\/pitoeuf.ch\/de\/wp-json\/wp\/v2\/product\/27846","targetHints":{"allow":["GET"]}}],"collection":[{"href":"https:\/\/pitoeuf.ch\/de\/wp-json\/wp\/v2\/product"}],"about":[{"href":"https:\/\/pitoeuf.ch\/de\/wp-json\/wp\/v2\/types\/product"}],"wp:featuredmedia":[{"embeddable":true,"href":"https:\/\/pitoeuf.ch\/de\/wp-json\/wp\/v2\/media\/41011"}],"wp:attachment":[{"href":"https:\/\/pitoeuf.ch\/de\/wp-json\/wp\/v2\/media?parent=27846"}],"wp:term":[{"taxonomy":"product_brand","embeddable":true,"href":"https:\/\/pitoeuf.ch\/de\/wp-json\/wp\/v2\/product_brand?post=27846"},{"taxonomy":"product_cat","embeddable":true,"href":"https:\/\/pitoeuf.ch\/de\/wp-json\/wp\/v2\/product_cat?post=27846"},{"taxonomy":"product_tag","embeddable":true,"href":"https:\/\/pitoeuf.ch\/de\/wp-json\/wp\/v2\/product_tag?post=27846"}],"curies":[{"name":"wp","href":"https:\/\/api.w.org\/{rel}","templated":true}]}}