{"id":27833,"date":"2022-03-06T11:56:42","date_gmt":"2022-03-06T10:56:42","guid":{"rendered":"https:\/\/pitoeuf.ch\/?post_type=product&#038;p=27833"},"modified":"2026-01-02T06:10:07","modified_gmt":"2026-01-02T05:10:07","slug":"bouillon-fur-fondue-chinoise-12-stucken","status":"publish","type":"product","link":"https:\/\/pitoeuf.ch\/de\/produkt\/bouillon-fur-fondue-chinoise-12-stucken\/","title":{"rendered":"Bouillon f\u00fcr Fondue-Chinoise 12 St\u00fccken"},"content":{"rendered":"<p>Wasser, Gem\u00fcse (Karotten, Selleri, Zwiebeln, Lauch), Pilze, Gew\u00fcrze, Salz, Fleischbouillon<\/p>\n","protected":false},"excerpt":{"rendered":"<p>Wasser, Gem\u00fcse (Karotten, Selleri, Zwiebeln, Lauch), Pilze, Gew\u00fcrze, Salz, Fleischbouillon<\/p>\n","protected":false},"featured_media":40999,"template":"","meta":[],"product_brand":[],"product_cat":[9241],"product_tag":[385],"class_list":{"0":"post-27833","1":"product","2":"type-product","3":"status-publish","4":"has-post-thumbnail","6":"product_cat-saucen_gewurze","7":"product_tag-suisse-de","8":"pa_conditionnement-tiefgekuhlt","10":"first","11":"outofstock","12":"shipping-taxable","13":"purchasable","14":"product-type-pitoeuf","15":"add-to-wishlist-before_image"},"_links":{"self":[{"href":"https:\/\/pitoeuf.ch\/de\/wp-json\/wp\/v2\/product\/27833","targetHints":{"allow":["GET"]}}],"collection":[{"href":"https:\/\/pitoeuf.ch\/de\/wp-json\/wp\/v2\/product"}],"about":[{"href":"https:\/\/pitoeuf.ch\/de\/wp-json\/wp\/v2\/types\/product"}],"wp:featuredmedia":[{"embeddable":true,"href":"https:\/\/pitoeuf.ch\/de\/wp-json\/wp\/v2\/media\/40999"}],"wp:attachment":[{"href":"https:\/\/pitoeuf.ch\/de\/wp-json\/wp\/v2\/media?parent=27833"}],"wp:term":[{"taxonomy":"product_brand","embeddable":true,"href":"https:\/\/pitoeuf.ch\/de\/wp-json\/wp\/v2\/product_brand?post=27833"},{"taxonomy":"product_cat","embeddable":true,"href":"https:\/\/pitoeuf.ch\/de\/wp-json\/wp\/v2\/product_cat?post=27833"},{"taxonomy":"product_tag","embeddable":true,"href":"https:\/\/pitoeuf.ch\/de\/wp-json\/wp\/v2\/product_tag?post=27833"}],"curies":[{"name":"wp","href":"https:\/\/api.w.org\/{rel}","templated":true}]}}