{"id":27707,"date":"2022-03-06T11:54:07","date_gmt":"2022-03-06T10:54:07","guid":{"rendered":"https:\/\/pitoeuf.ch\/?post_type=product&#038;p=27707"},"modified":"2026-05-05T10:07:07","modified_gmt":"2026-05-05T09:07:07","slug":"fruhstucksspeck-gerauchert","status":"publish","type":"product","link":"https:\/\/pitoeuf.ch\/de\/produkt\/fruhstucksspeck-gerauchert\/","title":{"rendered":"Fr\u00fchst\u00fccksspeck ger\u00e4uchert"},"content":{"rendered":"<p>ohne Schwarte, ohne Knorpel<\/p>\n","protected":false},"excerpt":{"rendered":"<p>ohne Schwarte, ohne Knorpel<\/p>\n","protected":false},"featured_media":40887,"template":"","meta":[],"product_brand":[],"product_cat":[9221],"product_tag":[385,387],"class_list":{"0":"post-27707","1":"product","2":"type-product","3":"status-publish","4":"has-post-thumbnail","6":"product_cat-fleisch_aufschnitt_gerauchtes","7":"product_tag-suisse-de","8":"product_tag-wochenpreise-de","9":"pa_conditionnement-frisches","11":"first","12":"outofstock","13":"shipping-taxable","14":"purchasable","15":"product-type-pitoeuf","16":"add-to-wishlist-before_image"},"_links":{"self":[{"href":"https:\/\/pitoeuf.ch\/de\/wp-json\/wp\/v2\/product\/27707","targetHints":{"allow":["GET"]}}],"collection":[{"href":"https:\/\/pitoeuf.ch\/de\/wp-json\/wp\/v2\/product"}],"about":[{"href":"https:\/\/pitoeuf.ch\/de\/wp-json\/wp\/v2\/types\/product"}],"wp:featuredmedia":[{"embeddable":true,"href":"https:\/\/pitoeuf.ch\/de\/wp-json\/wp\/v2\/media\/40887"}],"wp:attachment":[{"href":"https:\/\/pitoeuf.ch\/de\/wp-json\/wp\/v2\/media?parent=27707"}],"wp:term":[{"taxonomy":"product_brand","embeddable":true,"href":"https:\/\/pitoeuf.ch\/de\/wp-json\/wp\/v2\/product_brand?post=27707"},{"taxonomy":"product_cat","embeddable":true,"href":"https:\/\/pitoeuf.ch\/de\/wp-json\/wp\/v2\/product_cat?post=27707"},{"taxonomy":"product_tag","embeddable":true,"href":"https:\/\/pitoeuf.ch\/de\/wp-json\/wp\/v2\/product_tag?post=27707"}],"curies":[{"name":"wp","href":"https:\/\/api.w.org\/{rel}","templated":true}]}}