{"id":27589,"date":"2022-03-06T11:52:33","date_gmt":"2022-03-06T10:52:33","guid":{"rendered":"https:\/\/pitoeuf.ch\/?post_type=product&#038;p=27589"},"modified":"2026-03-16T10:07:04","modified_gmt":"2026-03-16T09:07:04","slug":"kadi-krauteromelette","status":"publish","type":"product","link":"https:\/\/pitoeuf.ch\/de\/produkt\/kadi-krauteromelette\/","title":{"rendered":"Kadi Kr\u00e4uteromelette"},"content":{"rendered":"<p>Eier 71.7 % (aus Bodenhaltung), Magermilch, Kr\u00e2uter 1% ( Schnittlauch, Schalotten), Kochsalz, Gew\u00fcrze<\/p>\n","protected":false},"excerpt":{"rendered":"<p>Eier 71.7 % (aus Bodenhaltung), Magermilch, Kr\u00e2uter 1% ( Schnittlauch, Schalotten), Kochsalz, Gew\u00fcrze<\/p>\n","protected":false},"featured_media":40785,"template":"","meta":[],"product_brand":[],"product_cat":[9089],"product_tag":[],"class_list":{"0":"post-27589","1":"product","2":"type-product","3":"status-publish","4":"has-post-thumbnail","6":"product_cat-teigwaren-und-pfannengerichte_vorgekochte-gerichte","7":"pa_conditionnement-tiefgekuhlt","9":"first","10":"outofstock","11":"shipping-taxable","12":"purchasable","13":"product-type-pitoeuf","14":"add-to-wishlist-before_image"},"_links":{"self":[{"href":"https:\/\/pitoeuf.ch\/de\/wp-json\/wp\/v2\/product\/27589","targetHints":{"allow":["GET"]}}],"collection":[{"href":"https:\/\/pitoeuf.ch\/de\/wp-json\/wp\/v2\/product"}],"about":[{"href":"https:\/\/pitoeuf.ch\/de\/wp-json\/wp\/v2\/types\/product"}],"wp:featuredmedia":[{"embeddable":true,"href":"https:\/\/pitoeuf.ch\/de\/wp-json\/wp\/v2\/media\/40785"}],"wp:attachment":[{"href":"https:\/\/pitoeuf.ch\/de\/wp-json\/wp\/v2\/media?parent=27589"}],"wp:term":[{"taxonomy":"product_brand","embeddable":true,"href":"https:\/\/pitoeuf.ch\/de\/wp-json\/wp\/v2\/product_brand?post=27589"},{"taxonomy":"product_cat","embeddable":true,"href":"https:\/\/pitoeuf.ch\/de\/wp-json\/wp\/v2\/product_cat?post=27589"},{"taxonomy":"product_tag","embeddable":true,"href":"https:\/\/pitoeuf.ch\/de\/wp-json\/wp\/v2\/product_tag?post=27589"}],"curies":[{"name":"wp","href":"https:\/\/api.w.org\/{rel}","templated":true}]}}