{"id":27541,"date":"2022-03-06T11:52:18","date_gmt":"2022-03-06T10:52:18","guid":{"rendered":"https:\/\/pitoeuf.ch\/?post_type=product&#038;p=27541"},"modified":"2026-04-07T09:07:04","modified_gmt":"2026-04-07T08:07:04","slug":"rosti-pick-mit-champignons","status":"publish","type":"product","link":"https:\/\/pitoeuf.ch\/de\/produkt\/rosti-pick-mit-champignons\/","title":{"rendered":"R\u00f6sti Pick mit Champignons"},"content":{"rendered":"<p>Kartoffeln, Champignons, Raps\u00f6l, Eier, Gew\u00fcrze<\/p>\n","protected":false},"excerpt":{"rendered":"<p>Kartoffeln, Champignons, Raps\u00f6l, Eier, Gew\u00fcrze<\/p>\n","protected":false},"featured_media":40747,"template":"","meta":[],"product_brand":[],"product_cat":[9179],"product_tag":[385],"class_list":{"0":"post-27541","1":"product","2":"type-product","3":"status-publish","4":"has-post-thumbnail","6":"product_cat-kartoffeln_rosti","7":"product_tag-suisse-de","8":"pa_conditionnement-tiefgekuhlt","10":"first","11":"outofstock","12":"shipping-taxable","13":"purchasable","14":"product-type-pitoeuf","15":"add-to-wishlist-before_image"},"_links":{"self":[{"href":"https:\/\/pitoeuf.ch\/de\/wp-json\/wp\/v2\/product\/27541","targetHints":{"allow":["GET"]}}],"collection":[{"href":"https:\/\/pitoeuf.ch\/de\/wp-json\/wp\/v2\/product"}],"about":[{"href":"https:\/\/pitoeuf.ch\/de\/wp-json\/wp\/v2\/types\/product"}],"wp:featuredmedia":[{"embeddable":true,"href":"https:\/\/pitoeuf.ch\/de\/wp-json\/wp\/v2\/media\/40747"}],"wp:attachment":[{"href":"https:\/\/pitoeuf.ch\/de\/wp-json\/wp\/v2\/media?parent=27541"}],"wp:term":[{"taxonomy":"product_brand","embeddable":true,"href":"https:\/\/pitoeuf.ch\/de\/wp-json\/wp\/v2\/product_brand?post=27541"},{"taxonomy":"product_cat","embeddable":true,"href":"https:\/\/pitoeuf.ch\/de\/wp-json\/wp\/v2\/product_cat?post=27541"},{"taxonomy":"product_tag","embeddable":true,"href":"https:\/\/pitoeuf.ch\/de\/wp-json\/wp\/v2\/product_tag?post=27541"}],"curies":[{"name":"wp","href":"https:\/\/api.w.org\/{rel}","templated":true}]}}