{"id":27420,"date":"2022-03-06T11:49:47","date_gmt":"2022-03-06T10:49:47","guid":{"rendered":"https:\/\/pitoeuf.ch\/?post_type=product&#038;p=27420"},"modified":"2025-11-03T08:07:21","modified_gmt":"2025-11-03T07:07:21","slug":"sauce-fur-tartar-fleisch","status":"publish","type":"product","link":"https:\/\/pitoeuf.ch\/de\/produkt\/sauce-fur-tartar-fleisch\/","title":{"rendered":"Sauce f\u00fcr Tartar (Fleisch)"},"content":{"rendered":"<p>Sonnenblumen\u00f6l, Eier, Zwiebeln, Cornichons, Kapern, Ketchup, Cognac, Salzt, Petersilie, Gew\u00fcrze, Senf, Worcestershire, Weisswein, Sardellen, Tabasco.<br \/>\n40 g f\u00fcr 100 g Fleisch<\/p>\n","protected":false},"excerpt":{"rendered":"<p>Sonnenblumen\u00f6l, Eier, Zwiebeln, Cornichons, Kapern, Ketchup, Cognac, Salzt, Petersilie, Gew\u00fcrze, Senf, Worcestershire, Weisswein, Sardellen, Tabasco. 40 g f\u00fcr 100 g Fleisch<\/p>\n","protected":false},"featured_media":40653,"template":"","meta":[],"product_brand":[],"product_cat":[9119],"product_tag":[385,387],"class_list":{"0":"post-27420","1":"product","2":"type-product","3":"status-publish","4":"has-post-thumbnail","6":"product_cat-saucen_krauterbutter-und-tartarsauce","7":"product_tag-suisse-de","8":"product_tag-wochenpreise-de","9":"pa_conditionnement-frisches","11":"first","12":"outofstock","13":"shipping-taxable","14":"purchasable","15":"product-type-pitoeuf","16":"add-to-wishlist-before_image"},"_links":{"self":[{"href":"https:\/\/pitoeuf.ch\/de\/wp-json\/wp\/v2\/product\/27420","targetHints":{"allow":["GET"]}}],"collection":[{"href":"https:\/\/pitoeuf.ch\/de\/wp-json\/wp\/v2\/product"}],"about":[{"href":"https:\/\/pitoeuf.ch\/de\/wp-json\/wp\/v2\/types\/product"}],"wp:featuredmedia":[{"embeddable":true,"href":"https:\/\/pitoeuf.ch\/de\/wp-json\/wp\/v2\/media\/40653"}],"wp:attachment":[{"href":"https:\/\/pitoeuf.ch\/de\/wp-json\/wp\/v2\/media?parent=27420"}],"wp:term":[{"taxonomy":"product_brand","embeddable":true,"href":"https:\/\/pitoeuf.ch\/de\/wp-json\/wp\/v2\/product_brand?post=27420"},{"taxonomy":"product_cat","embeddable":true,"href":"https:\/\/pitoeuf.ch\/de\/wp-json\/wp\/v2\/product_cat?post=27420"},{"taxonomy":"product_tag","embeddable":true,"href":"https:\/\/pitoeuf.ch\/de\/wp-json\/wp\/v2\/product_tag?post=27420"}],"curies":[{"name":"wp","href":"https:\/\/api.w.org\/{rel}","templated":true}]}}