{"id":27378,"date":"2022-03-06T11:49:34","date_gmt":"2022-03-06T10:49:34","guid":{"rendered":"https:\/\/pitoeuf.ch\/?post_type=product&#038;p=27378"},"modified":"2025-11-03T08:07:19","modified_gmt":"2025-11-03T07:07:19","slug":"pastetenfullung","status":"publish","type":"product","link":"https:\/\/pitoeuf.ch\/de\/produkt\/pastetenfullung\/","title":{"rendered":"Pastetenf\u00fcllung"},"content":{"rendered":"<p>Kn\u00f6del und W\u00fcrfel aus Schweinefleisch, Speck, Huhn, Champignons, Schinken Schweinsschulter<\/p>\n","protected":false},"excerpt":{"rendered":"<p>Kn\u00f6del und W\u00fcrfel aus Schweinefleisch, Speck, Huhn, Champignons, Schinken Schweinsschulter<\/p>\n","protected":false},"featured_media":40619,"template":"","meta":[],"product_brand":[],"product_cat":[9089],"product_tag":[385],"class_list":{"0":"post-27378","1":"product","2":"type-product","3":"status-publish","4":"has-post-thumbnail","6":"product_cat-teigwaren-und-pfannengerichte_vorgekochte-gerichte","7":"product_tag-suisse-de","8":"pa_conditionnement-tiefgekuhlt","10":"first","11":"outofstock","12":"shipping-taxable","13":"purchasable","14":"product-type-pitoeuf","15":"add-to-wishlist-before_image"},"_links":{"self":[{"href":"https:\/\/pitoeuf.ch\/de\/wp-json\/wp\/v2\/product\/27378","targetHints":{"allow":["GET"]}}],"collection":[{"href":"https:\/\/pitoeuf.ch\/de\/wp-json\/wp\/v2\/product"}],"about":[{"href":"https:\/\/pitoeuf.ch\/de\/wp-json\/wp\/v2\/types\/product"}],"wp:featuredmedia":[{"embeddable":true,"href":"https:\/\/pitoeuf.ch\/de\/wp-json\/wp\/v2\/media\/40619"}],"wp:attachment":[{"href":"https:\/\/pitoeuf.ch\/de\/wp-json\/wp\/v2\/media?parent=27378"}],"wp:term":[{"taxonomy":"product_brand","embeddable":true,"href":"https:\/\/pitoeuf.ch\/de\/wp-json\/wp\/v2\/product_brand?post=27378"},{"taxonomy":"product_cat","embeddable":true,"href":"https:\/\/pitoeuf.ch\/de\/wp-json\/wp\/v2\/product_cat?post=27378"},{"taxonomy":"product_tag","embeddable":true,"href":"https:\/\/pitoeuf.ch\/de\/wp-json\/wp\/v2\/product_tag?post=27378"}],"curies":[{"name":"wp","href":"https:\/\/api.w.org\/{rel}","templated":true}]}}