{"id":27238,"date":"2022-03-04T00:11:30","date_gmt":"2022-03-03T23:11:30","guid":{"rendered":"https:\/\/pitoeuf.ch\/?post_type=product&#038;p=27238"},"modified":"2026-05-17T05:10:10","modified_gmt":"2026-05-17T04:10:10","slug":"sweet-potato-fries","status":"publish","type":"product","link":"https:\/\/pitoeuf.ch\/de\/produkt\/sweet-potato-fries\/","title":{"rendered":"Sweet Potato Fries"},"content":{"rendered":"<p>S\u00fcsskartoffeln, St\u00e4rkemantel, Raps\u00f6l<\/p>\n","protected":false},"excerpt":{"rendered":"<p>S\u00fcsskartoffeln, St\u00e4rkemantel, Raps\u00f6l<\/p>\n","protected":false},"featured_media":97511,"template":"","meta":[],"product_brand":[],"product_cat":[9129],"product_tag":[386],"class_list":{"0":"post-27238","1":"product","2":"type-product","3":"status-publish","4":"has-post-thumbnail","6":"product_cat-kartoffeln_pommes-frites","7":"product_tag-aktionen-de","8":"pa_conditionnement-tiefgekuhlt","10":"first","11":"outofstock","12":"sale","13":"shipping-taxable","14":"purchasable","15":"product-type-pitoeuf","16":"add-to-wishlist-before_image"},"_links":{"self":[{"href":"https:\/\/pitoeuf.ch\/de\/wp-json\/wp\/v2\/product\/27238","targetHints":{"allow":["GET"]}}],"collection":[{"href":"https:\/\/pitoeuf.ch\/de\/wp-json\/wp\/v2\/product"}],"about":[{"href":"https:\/\/pitoeuf.ch\/de\/wp-json\/wp\/v2\/types\/product"}],"wp:featuredmedia":[{"embeddable":true,"href":"https:\/\/pitoeuf.ch\/de\/wp-json\/wp\/v2\/media\/97511"}],"wp:attachment":[{"href":"https:\/\/pitoeuf.ch\/de\/wp-json\/wp\/v2\/media?parent=27238"}],"wp:term":[{"taxonomy":"product_brand","embeddable":true,"href":"https:\/\/pitoeuf.ch\/de\/wp-json\/wp\/v2\/product_brand?post=27238"},{"taxonomy":"product_cat","embeddable":true,"href":"https:\/\/pitoeuf.ch\/de\/wp-json\/wp\/v2\/product_cat?post=27238"},{"taxonomy":"product_tag","embeddable":true,"href":"https:\/\/pitoeuf.ch\/de\/wp-json\/wp\/v2\/product_tag?post=27238"}],"curies":[{"name":"wp","href":"https:\/\/api.w.org\/{rel}","templated":true}]}}