{"id":27145,"date":"2022-03-04T00:10:00","date_gmt":"2022-03-03T23:10:00","guid":{"rendered":"https:\/\/pitoeuf.ch\/?post_type=product&#038;p=27145"},"modified":"2026-04-06T06:07:06","modified_gmt":"2026-04-06T05:07:06","slug":"kadi-vegi-samosa","status":"publish","type":"product","link":"https:\/\/pitoeuf.ch\/de\/produkt\/kadi-vegi-samosa\/","title":{"rendered":"Kadi Vegi-Samosa"},"content":{"rendered":"<p>Gem\u00fcse, Weizenmehl, Sonnenblumen\u00f6l, Magermilchpulver, Kochsalz, Gew\u00fcrze, Mohnsamen<\/p>\n","protected":false},"excerpt":{"rendered":"<p>Gem\u00fcse, Weizenmehl, Sonnenblumen\u00f6l, Magermilchpulver, Kochsalz, Gew\u00fcrze, Mohnsamen<\/p>\n","protected":false},"featured_media":40416,"template":"","meta":[],"product_brand":[],"product_cat":[9033],"product_tag":[385],"class_list":{"0":"post-27145","1":"product","2":"type-product","3":"status-publish","4":"has-post-thumbnail","6":"product_cat-snacks-und-aperitif_aperitif","7":"product_tag-suisse-de","8":"pa_conditionnement-tiefgekuhlt","10":"first","11":"outofstock","12":"shipping-taxable","13":"purchasable","14":"product-type-pitoeuf","15":"add-to-wishlist-before_image"},"_links":{"self":[{"href":"https:\/\/pitoeuf.ch\/de\/wp-json\/wp\/v2\/product\/27145","targetHints":{"allow":["GET"]}}],"collection":[{"href":"https:\/\/pitoeuf.ch\/de\/wp-json\/wp\/v2\/product"}],"about":[{"href":"https:\/\/pitoeuf.ch\/de\/wp-json\/wp\/v2\/types\/product"}],"wp:featuredmedia":[{"embeddable":true,"href":"https:\/\/pitoeuf.ch\/de\/wp-json\/wp\/v2\/media\/40416"}],"wp:attachment":[{"href":"https:\/\/pitoeuf.ch\/de\/wp-json\/wp\/v2\/media?parent=27145"}],"wp:term":[{"taxonomy":"product_brand","embeddable":true,"href":"https:\/\/pitoeuf.ch\/de\/wp-json\/wp\/v2\/product_brand?post=27145"},{"taxonomy":"product_cat","embeddable":true,"href":"https:\/\/pitoeuf.ch\/de\/wp-json\/wp\/v2\/product_cat?post=27145"},{"taxonomy":"product_tag","embeddable":true,"href":"https:\/\/pitoeuf.ch\/de\/wp-json\/wp\/v2\/product_tag?post=27145"}],"curies":[{"name":"wp","href":"https:\/\/api.w.org\/{rel}","templated":true}]}}