{"id":19686,"date":"2019-04-18T11:16:34","date_gmt":"2019-04-18T11:16:34","guid":{"rendered":"https:\/\/pitoeuf.ch\/societe\/"},"modified":"2025-02-04T15:02:51","modified_gmt":"2025-02-04T14:02:51","slug":"firma","status":"publish","type":"page","link":"https:\/\/pitoeuf.ch\/de\/firma\/","title":{"rendered":"Firma"},"content":{"rendered":"\t\t<div data-elementor-type=\"wp-post\" data-elementor-id=\"19686\" class=\"elementor elementor-19686 elementor-89\" data-elementor-post-type=\"page\">\n\t\t\t\t\t\t<section class=\"elementor-section elementor-top-section elementor-element elementor-element-b25d957 elementor-section-boxed elementor-section-height-default elementor-section-height-default\" data-id=\"b25d957\" data-element_type=\"section\" data-settings=\"{&quot;background_background&quot;:&quot;classic&quot;}\">\n\t\t\t\t\t\t<div class=\"elementor-container elementor-column-gap-default\">\n\t\t\t\t\t<div class=\"elementor-column elementor-col-100 elementor-top-column elementor-element elementor-element-af98e12\" data-id=\"af98e12\" data-element_type=\"column\" data-settings=\"{&quot;background_background&quot;:&quot;classic&quot;}\">\n\t\t\t<div class=\"elementor-widget-wrap elementor-element-populated\">\n\t\t\t\t\t\t<section class=\"elementor-section elementor-inner-section elementor-element elementor-element-04df785 elementor-section-boxed elementor-section-height-default elementor-section-height-default\" data-id=\"04df785\" data-element_type=\"section\">\n\t\t\t\t\t\t<div class=\"elementor-container elementor-column-gap-default\">\n\t\t\t\t\t<div class=\"elementor-column elementor-col-50 elementor-inner-column elementor-element elementor-element-762a225\" data-id=\"762a225\" data-element_type=\"column\">\n\t\t\t<div class=\"elementor-widget-wrap elementor-element-populated\">\n\t\t\t\t\t\t<div class=\"elementor-element elementor-element-415b5ca elementor-widget elementor-widget-heading\" data-id=\"415b5ca\" data-element_type=\"widget\" data-widget_type=\"heading.default\">\n\t\t\t\t<div class=\"elementor-widget-container\">\n\t\t\t\t\t<p class=\"elementor-heading-title elementor-size-default\">Pitoeuf SA<\/p>\t\t\t\t<\/div>\n\t\t\t\t<\/div>\n\t\t\t\t<div class=\"elementor-element elementor-element-8134c4c elementor-widget elementor-widget-heading\" data-id=\"8134c4c\" data-element_type=\"widget\" data-widget_type=\"heading.default\">\n\t\t\t\t<div class=\"elementor-widget-container\">\n\t\t\t\t\t<h3 class=\"elementor-heading-title elementor-size-default\">Profitieren Sie vom Know-how aus vier Generationen seit 1930<\/h3>\t\t\t\t<\/div>\n\t\t\t\t<\/div>\n\t\t\t\t<div class=\"elementor-element elementor-element-eba2fc5 elementor-widget elementor-widget-image\" data-id=\"eba2fc5\" data-element_type=\"widget\" data-widget_type=\"image.default\">\n\t\t\t\t<div class=\"elementor-widget-container\">\n\t\t\t\t\t\t\t\t\t\t\t\t\t\t\t<img decoding=\"async\" width=\"414\" height=\"39\" src=\"https:\/\/pitoeuf.ch\/wp-content\/uploads\/2021\/08\/Groupe-265.png\" class=\"attachment-1536x1536 size-1536x1536 wp-image-7410\" alt=\"\" srcset=\"https:\/\/pitoeuf.ch\/wp-content\/uploads\/2021\/08\/Groupe-265.png 414w, https:\/\/pitoeuf.ch\/wp-content\/uploads\/2021\/08\/Groupe-265-300x28.png 300w\" sizes=\"(max-width: 414px) 100vw, 414px\" \/>\t\t\t\t\t\t\t\t\t\t\t\t\t\t\t<\/div>\n\t\t\t\t<\/div>\n\t\t\t\t<div class=\"elementor-element elementor-element-05b95c1 elementor-widget elementor-widget-text-editor\" data-id=\"05b95c1\" data-element_type=\"widget\" data-widget_type=\"text-editor.default\">\n\t\t\t\t<div class=\"elementor-widget-container\">\n\t\t\t\t\t\t\t\t\t<p>T\u00e4glich beliefern wir zahlreiche <strong>Kunden aus der Gastronomie<\/strong> mit besten Qualit\u00e4tsprodukten. Unser Angebot umfasst ein breites Sortiment mit \u00fcber 3&#8217;000 verschiedenen <strong>Frisch und Tiefk\u00fchlprodukten<\/strong>. Dank unserem Lieferservice, bleibt unseren Kunden mehr Zeit, sich Ihren G\u00e4sten zu widmen.<\/p>\t\t\t\t\t\t\t\t<\/div>\n\t\t\t\t<\/div>\n\t\t\t\t<div class=\"elementor-element elementor-element-83a3d34 elementor-widget elementor-widget-text-editor\" data-id=\"83a3d34\" data-element_type=\"widget\" data-widget_type=\"text-editor.default\">\n\t\t\t\t<div class=\"elementor-widget-container\">\n\t\t\t\t\t\t\t\t\tWir bieten Ihnen den besten Service zum besten Preis.\t\t\t\t\t\t\t\t<\/div>\n\t\t\t\t<\/div>\n\t\t\t\t\t<\/div>\n\t\t<\/div>\n\t\t\t\t<div class=\"elementor-column elementor-col-50 elementor-inner-column elementor-element elementor-element-dfd39b8\" data-id=\"dfd39b8\" data-element_type=\"column\">\n\t\t\t<div class=\"elementor-widget-wrap elementor-element-populated\">\n\t\t\t\t\t\t<div class=\"elementor-element elementor-element-9fbd82e elementor-widget elementor-widget-image\" data-id=\"9fbd82e\" data-element_type=\"widget\" data-widget_type=\"image.default\">\n\t\t\t\t<div class=\"elementor-widget-container\">\n\t\t\t\t\t\t\t\t\t\t\t\t\t\t\t<img fetchpriority=\"high\" decoding=\"async\" width=\"671\" height=\"492\" src=\"https:\/\/pitoeuf.ch\/wp-content\/uploads\/2021\/08\/pitoeuf_2_FR.png\" class=\"attachment-large size-large wp-image-7444\" alt=\"\" srcset=\"https:\/\/pitoeuf.ch\/wp-content\/uploads\/2021\/08\/pitoeuf_2_FR.png 671w, https:\/\/pitoeuf.ch\/wp-content\/uploads\/2021\/08\/pitoeuf_2_FR-300x220.png 300w, https:\/\/pitoeuf.ch\/wp-content\/uploads\/2021\/08\/pitoeuf_2_FR-416x305.png 416w\" sizes=\"(max-width: 671px) 100vw, 671px\" \/>\t\t\t\t\t\t\t\t\t\t\t\t\t\t\t<\/div>\n\t\t\t\t<\/div>\n\t\t\t\t\t<\/div>\n\t\t<\/div>\n\t\t\t\t\t<\/div>\n\t\t<\/section>\n\t\t\t\t\t<\/div>\n\t\t<\/div>\n\t\t\t\t\t<\/div>\n\t\t<\/section>\n\t\t\t\t<section class=\"elementor-section elementor-top-section elementor-element elementor-element-91a99aa elementor-section-boxed elementor-section-height-default elementor-section-height-default\" data-id=\"91a99aa\" data-element_type=\"section\">\n\t\t\t\t\t\t<div class=\"elementor-container elementor-column-gap-default\">\n\t\t\t\t\t<div class=\"elementor-column elementor-col-100 elementor-top-column elementor-element elementor-element-c1eb05a\" data-id=\"c1eb05a\" data-element_type=\"column\">\n\t\t\t<div class=\"elementor-widget-wrap elementor-element-populated\">\n\t\t\t\t\t\t<div class=\"elementor-element elementor-element-f314474 elementor-widget elementor-widget-heading\" data-id=\"f314474\" data-element_type=\"widget\" data-widget_type=\"heading.default\">\n\t\t\t\t<div class=\"elementor-widget-container\">\n\t\t\t\t\t<h2 class=\"elementor-heading-title elementor-size-default\">UNSERE DIENSTE\u200b<\/h2>\t\t\t\t<\/div>\n\t\t\t\t<\/div>\n\t\t\t\t<div class=\"elementor-element elementor-element-f5fb438 elementor-widget elementor-widget-image\" data-id=\"f5fb438\" data-element_type=\"widget\" data-widget_type=\"image.default\">\n\t\t\t\t<div class=\"elementor-widget-container\">\n\t\t\t\t\t\t\t\t\t\t\t\t\t\t\t<img decoding=\"async\" width=\"414\" height=\"39\" src=\"https:\/\/pitoeuf.ch\/wp-content\/uploads\/2022\/03\/Groupe-265.png\" class=\"attachment-1536x1536 size-1536x1536 wp-image-26813\" alt=\"\" srcset=\"https:\/\/pitoeuf.ch\/wp-content\/uploads\/2022\/03\/Groupe-265.png 414w, https:\/\/pitoeuf.ch\/wp-content\/uploads\/2022\/03\/Groupe-265-300x28.png 300w\" sizes=\"(max-width: 414px) 100vw, 414px\" \/>\t\t\t\t\t\t\t\t\t\t\t\t\t\t\t<\/div>\n\t\t\t\t<\/div>\n\t\t\t\t\t<\/div>\n\t\t<\/div>\n\t\t\t\t\t<\/div>\n\t\t<\/section>\n\t\t\t\t<section class=\"elementor-section elementor-top-section elementor-element elementor-element-9623c3d elementor-section-boxed elementor-section-height-default elementor-section-height-default\" data-id=\"9623c3d\" data-element_type=\"section\">\n\t\t\t\t\t\t<div class=\"elementor-container elementor-column-gap-default\">\n\t\t\t\t\t<div class=\"elementor-column elementor-col-33 elementor-top-column elementor-element elementor-element-c00b5bb\" data-id=\"c00b5bb\" data-element_type=\"column\">\n\t\t\t<div class=\"elementor-widget-wrap elementor-element-populated\">\n\t\t\t\t\t\t<div class=\"elementor-element elementor-element-57e5220 elementor-widget elementor-widget-image\" data-id=\"57e5220\" data-element_type=\"widget\" data-widget_type=\"image.default\">\n\t\t\t\t<div class=\"elementor-widget-container\">\n\t\t\t\t\t\t\t\t\t\t\t\t\t\t\t<img loading=\"lazy\" decoding=\"async\" width=\"149\" height=\"150\" src=\"https:\/\/pitoeuf.ch\/wp-content\/uploads\/2022\/03\/Ellipse-0204.png\" class=\"attachment-large size-large wp-image-26823\" alt=\"\" srcset=\"https:\/\/pitoeuf.ch\/wp-content\/uploads\/2022\/03\/Ellipse-0204.png 149w, https:\/\/pitoeuf.ch\/wp-content\/uploads\/2022\/03\/Ellipse-0204-32x32.png 32w, https:\/\/pitoeuf.ch\/wp-content\/uploads\/2022\/03\/Ellipse-0204-100x100.png 100w\" sizes=\"(max-width: 149px) 100vw, 149px\" \/>\t\t\t\t\t\t\t\t\t\t\t\t\t\t\t<\/div>\n\t\t\t\t<\/div>\n\t\t\t\t<div class=\"elementor-element elementor-element-bb37605 elementor-widget elementor-widget-heading\" data-id=\"bb37605\" data-element_type=\"widget\" data-widget_type=\"heading.default\">\n\t\t\t\t<div class=\"elementor-widget-container\">\n\t\t\t\t\t<h2 class=\"elementor-heading-title elementor-size-default\">UNSERE KUNDEN VERTRAUEN UNS<\/h2>\t\t\t\t<\/div>\n\t\t\t\t<\/div>\n\t\t\t\t<div class=\"elementor-element elementor-element-fa559c2 elementor-widget elementor-widget-text-editor\" data-id=\"fa559c2\" data-element_type=\"widget\" data-widget_type=\"text-editor.default\">\n\t\t\t\t<div class=\"elementor-widget-container\">\n\t\t\t\t\t\t\t\t\t<p>Restaurants, Hotels, Schulkantinen, Krankenh\u00e4user, Heimemehr als 1&#8217;600 in der Romandie und der Deutschschweiz ans\u00e4ssigen K\u00fcnder aus dem Bereich Gastronomie schenken uns ihr Vertrauen.<\/p>\t\t\t\t\t\t\t\t<\/div>\n\t\t\t\t<\/div>\n\t\t\t\t\t<\/div>\n\t\t<\/div>\n\t\t\t\t<div class=\"elementor-column elementor-col-33 elementor-top-column elementor-element elementor-element-8a8dab9\" data-id=\"8a8dab9\" data-element_type=\"column\">\n\t\t\t<div class=\"elementor-widget-wrap elementor-element-populated\">\n\t\t\t\t\t\t<div class=\"elementor-element elementor-element-130e18c elementor-widget elementor-widget-image\" data-id=\"130e18c\" data-element_type=\"widget\" data-widget_type=\"image.default\">\n\t\t\t\t<div class=\"elementor-widget-container\">\n\t\t\t\t\t\t\t\t\t\t\t\t\t\t\t<img loading=\"lazy\" decoding=\"async\" width=\"149\" height=\"150\" src=\"https:\/\/pitoeuf.ch\/wp-content\/uploads\/2022\/03\/Ellipse-0203.png\" class=\"attachment-large size-large wp-image-26821\" alt=\"\" srcset=\"https:\/\/pitoeuf.ch\/wp-content\/uploads\/2022\/03\/Ellipse-0203.png 149w, https:\/\/pitoeuf.ch\/wp-content\/uploads\/2022\/03\/Ellipse-0203-32x32.png 32w, https:\/\/pitoeuf.ch\/wp-content\/uploads\/2022\/03\/Ellipse-0203-100x100.png 100w\" sizes=\"(max-width: 149px) 100vw, 149px\" \/>\t\t\t\t\t\t\t\t\t\t\t\t\t\t\t<\/div>\n\t\t\t\t<\/div>\n\t\t\t\t<div class=\"elementor-element elementor-element-592f798 elementor-widget elementor-widget-heading\" data-id=\"592f798\" data-element_type=\"widget\" data-widget_type=\"heading.default\">\n\t\t\t\t<div class=\"elementor-widget-container\">\n\t\t\t\t\t<h2 class=\"elementor-heading-title elementor-size-default\">GARANTIERTE LAGERVERF\u00dcGBARKEIT<\/h2>\t\t\t\t<\/div>\n\t\t\t\t<\/div>\n\t\t\t\t<div class=\"elementor-element elementor-element-62466a5 elementor-widget elementor-widget-text-editor\" data-id=\"62466a5\" data-element_type=\"widget\" data-widget_type=\"text-editor.default\">\n\t\t\t\t<div class=\"elementor-widget-container\">\n\t\t\t\t\t\t\t\t\t<div class=\"col-sm-4 col-img\">\n<p>Um Ihre Versorgung mit Produkten sicherzustellen, f\u00fchren wir ein permanentes Lager von ca. 2&#8217;500 Tonnen an Waren \u2013 ob Frisch \u2013 oder Tiefk\u00fchlprodukte, oder aus dem Sortiment von salzigen und s\u00fcssen Produkten.<\/p><\/div>\t\t\t\t\t\t\t\t<\/div>\n\t\t\t\t<\/div>\n\t\t\t\t\t<\/div>\n\t\t<\/div>\n\t\t\t\t<div class=\"elementor-column elementor-col-33 elementor-top-column elementor-element elementor-element-12f9345\" data-id=\"12f9345\" data-element_type=\"column\">\n\t\t\t<div class=\"elementor-widget-wrap elementor-element-populated\">\n\t\t\t\t\t\t<div class=\"elementor-element elementor-element-1aac42d elementor-widget elementor-widget-image\" data-id=\"1aac42d\" data-element_type=\"widget\" data-widget_type=\"image.default\">\n\t\t\t\t<div class=\"elementor-widget-container\">\n\t\t\t\t\t\t\t\t\t\t\t\t\t\t\t<img loading=\"lazy\" decoding=\"async\" width=\"149\" height=\"150\" src=\"https:\/\/pitoeuf.ch\/wp-content\/uploads\/2022\/03\/Ellipse-0201.png\" class=\"attachment-large size-large wp-image-26825\" alt=\"\" srcset=\"https:\/\/pitoeuf.ch\/wp-content\/uploads\/2022\/03\/Ellipse-0201.png 149w, https:\/\/pitoeuf.ch\/wp-content\/uploads\/2022\/03\/Ellipse-0201-32x32.png 32w, https:\/\/pitoeuf.ch\/wp-content\/uploads\/2022\/03\/Ellipse-0201-100x100.png 100w\" sizes=\"(max-width: 149px) 100vw, 149px\" \/>\t\t\t\t\t\t\t\t\t\t\t\t\t\t\t<\/div>\n\t\t\t\t<\/div>\n\t\t\t\t<div class=\"elementor-element elementor-element-43204e9 elementor-widget elementor-widget-heading\" data-id=\"43204e9\" data-element_type=\"widget\" data-widget_type=\"heading.default\">\n\t\t\t\t<div class=\"elementor-widget-container\">\n\t\t\t\t\t<h2 class=\"elementor-heading-title elementor-size-default\">HYGIENE UND R\u00dcCKVERFOLGBARKEIT<\/h2>\t\t\t\t<\/div>\n\t\t\t\t<\/div>\n\t\t\t\t<div class=\"elementor-element elementor-element-20f814f elementor-widget elementor-widget-text-editor\" data-id=\"20f814f\" data-element_type=\"widget\" data-widget_type=\"text-editor.default\">\n\t\t\t\t<div class=\"elementor-widget-container\">\n\t\t\t\t\t\t\t\t\t<div class=\"panel-pane pane-block pane-pitoeuf-blocks-nos-services\"><div class=\"pane-content\"><div class=\"row\"><div class=\"col-sm-4\"><p>Jedes Produkt wird beim Eintreffen in unserem Lager auf Temperatur und Qualit\u00e4t gepr\u00fcft, etikettiert und sofort in eine K\u00fchl \u2013 oder Gefrierkammer eingelagert. Mit einem hochpr\u00e4zisen elektronischen Ablaufverfolgungssytem wird die l\u00fcckenlose R\u00fcckverfolgbarkeit der Lebensmittel gew\u00e4hrleistet.<\/p><\/div><\/div><\/div><\/div>\t\t\t\t\t\t\t\t<\/div>\n\t\t\t\t<\/div>\n\t\t\t\t\t<\/div>\n\t\t<\/div>\n\t\t\t\t\t<\/div>\n\t\t<\/section>\n\t\t\t\t<section class=\"elementor-section elementor-top-section elementor-element elementor-element-2d22675 elementor-section-boxed elementor-section-height-default elementor-section-height-default\" data-id=\"2d22675\" data-element_type=\"section\" data-settings=\"{&quot;background_background&quot;:&quot;classic&quot;}\">\n\t\t\t\t\t\t\t<div class=\"elementor-background-overlay\"><\/div>\n\t\t\t\t\t\t\t<div class=\"elementor-container elementor-column-gap-default\">\n\t\t\t\t\t<div class=\"elementor-column elementor-col-100 elementor-top-column elementor-element elementor-element-b99b4b0\" data-id=\"b99b4b0\" data-element_type=\"column\" data-settings=\"{&quot;background_background&quot;:&quot;classic&quot;}\">\n\t\t\t<div class=\"elementor-widget-wrap elementor-element-populated\">\n\t\t\t\t\t\t<div class=\"elementor-element elementor-element-eb49b8f elementor-widget elementor-widget-heading\" data-id=\"eb49b8f\" data-element_type=\"widget\" data-widget_type=\"heading.default\">\n\t\t\t\t<div class=\"elementor-widget-container\">\n\t\t\t\t\t<p class=\"elementor-heading-title elementor-size-default\">Kennzahlen<\/p>\t\t\t\t<\/div>\n\t\t\t\t<\/div>\n\t\t\t\t<div class=\"elementor-element elementor-element-529ec60 elementor-widget elementor-widget-heading\" data-id=\"529ec60\" data-element_type=\"widget\" data-widget_type=\"heading.default\">\n\t\t\t\t<div class=\"elementor-widget-container\">\n\t\t\t\t\t<h2 class=\"elementor-heading-title elementor-size-default\">expertise<\/h2>\t\t\t\t<\/div>\n\t\t\t\t<\/div>\n\t\t\t\t<div class=\"elementor-element elementor-element-eae578a elementor-widget elementor-widget-image\" data-id=\"eae578a\" data-element_type=\"widget\" data-widget_type=\"image.default\">\n\t\t\t\t<div class=\"elementor-widget-container\">\n\t\t\t\t\t\t\t\t\t\t\t\t\t\t\t<img decoding=\"async\" width=\"414\" height=\"39\" src=\"https:\/\/pitoeuf.ch\/wp-content\/uploads\/2022\/03\/Groupe-265.png\" class=\"attachment-1536x1536 size-1536x1536 wp-image-26813\" alt=\"\" srcset=\"https:\/\/pitoeuf.ch\/wp-content\/uploads\/2022\/03\/Groupe-265.png 414w, https:\/\/pitoeuf.ch\/wp-content\/uploads\/2022\/03\/Groupe-265-300x28.png 300w\" sizes=\"(max-width: 414px) 100vw, 414px\" \/>\t\t\t\t\t\t\t\t\t\t\t\t\t\t\t<\/div>\n\t\t\t\t<\/div>\n\t\t\t\t<div class=\"elementor-element elementor-element-54c263d elementor-widget elementor-widget-counter\" data-id=\"54c263d\" data-element_type=\"widget\" data-widget_type=\"counter.default\">\n\t\t\t\t<div class=\"elementor-widget-container\">\n\t\t\t\t\t\t\t<div class=\"elementor-counter\">\n\t\t\t\t\t\t<div class=\"elementor-counter-number-wrapper\">\n\t\t\t\t<span class=\"elementor-counter-number-prefix\"><\/span>\n\t\t\t\t<span class=\"elementor-counter-number\" data-duration=\"2000\" data-to-value=\"1600\" data-from-value=\"0\" data-delimiter=\" \">0<\/span>\n\t\t\t\t<span class=\"elementor-counter-number-suffix\"><\/span>\n\t\t\t<\/div>\n\t\t<\/div>\n\t\t\t\t\t\t<\/div>\n\t\t\t\t<\/div>\n\t\t\t\t<div class=\"elementor-element elementor-element-60a68db elementor-widget elementor-widget-text-editor\" data-id=\"60a68db\" data-element_type=\"widget\" data-widget_type=\"text-editor.default\">\n\t\t\t\t<div class=\"elementor-widget-container\">\n\t\t\t\t\t\t\t\t\t<p>Heute bieten wir eine umfassende Palette an Lebensmittel und beliefern damit alle Bereiche der Gastronomie (B\u00e4ckerei, Metzgerei, Restaurants, Hotels, Kiosks, Lebensmittelgesch\u00e4fte\u2026).<br \/>Wir m\u00f6chten uns herzlich bei unseren zahlreichen Kunden f\u00fcr ihre Treue bedanken.<\/p>\t\t\t\t\t\t\t\t<\/div>\n\t\t\t\t<\/div>\n\t\t\t\t<div class=\"elementor-element elementor-element-52e77ec elementor-widget elementor-widget-counter\" data-id=\"52e77ec\" data-element_type=\"widget\" data-widget_type=\"counter.default\">\n\t\t\t\t<div class=\"elementor-widget-container\">\n\t\t\t\t\t\t\t<div class=\"elementor-counter\">\n\t\t\t\t\t\t<div class=\"elementor-counter-number-wrapper\">\n\t\t\t\t<span class=\"elementor-counter-number-prefix\"><\/span>\n\t\t\t\t<span class=\"elementor-counter-number\" data-duration=\"2000\" data-to-value=\"40000\" data-from-value=\"0\" data-delimiter=\" \">0<\/span>\n\t\t\t\t<span class=\"elementor-counter-number-suffix\"><\/span>\n\t\t\t<\/div>\n\t\t<\/div>\n\t\t\t\t\t\t<\/div>\n\t\t\t\t<\/div>\n\t\t\t\t<div class=\"elementor-element elementor-element-d66b97c elementor-widget elementor-widget-text-editor\" data-id=\"d66b97c\" data-element_type=\"widget\" data-widget_type=\"text-editor.default\">\n\t\t\t\t<div class=\"elementor-widget-container\">\n\t\t\t\t\t\t\t\t\t<p>Der PITOEUF AG steht ein eigener Fuhrpark mit mehreren Lieferfahrzeugen zur Verf\u00fcgung. Jedes Lieferfahrzeug ist mit einem Bi-Temperatur Tiefk\u00fchler ausgestattet.<br \/>Jedes Produkt, ob frisch oder tiefgek\u00fchlt, wird beim Eintreffen in unsem Lager auf Temperatur und Qualit\u00e4t gepr\u00fcft, etikettiert und sofort wieder k\u00fchl gelagert.<\/p>\t\t\t\t\t\t\t\t<\/div>\n\t\t\t\t<\/div>\n\t\t\t\t<div class=\"elementor-element elementor-element-174df32 elementor-widget elementor-widget-counter\" data-id=\"174df32\" data-element_type=\"widget\" data-widget_type=\"counter.default\">\n\t\t\t\t<div class=\"elementor-widget-container\">\n\t\t\t\t\t\t\t<div class=\"elementor-counter\">\n\t\t\t\t\t\t<div class=\"elementor-counter-number-wrapper\">\n\t\t\t\t<span class=\"elementor-counter-number-prefix\"><\/span>\n\t\t\t\t<span class=\"elementor-counter-number\" data-duration=\"2000\" data-to-value=\"2500\" data-from-value=\"0\" data-delimiter=\" \">0<\/span>\n\t\t\t\t<span class=\"elementor-counter-number-suffix\">T<\/span>\n\t\t\t<\/div>\n\t\t<\/div>\n\t\t\t\t\t\t<\/div>\n\t\t\t\t<\/div>\n\t\t\t\t<div class=\"elementor-element elementor-element-01bd818 elementor-widget elementor-widget-text-editor\" data-id=\"01bd818\" data-element_type=\"widget\" data-widget_type=\"text-editor.default\">\n\t\t\t\t<div class=\"elementor-widget-container\">\n\t\t\t\t\t\t\t\t\t<p>Wir lagern \u00fcber 2800 Paletten bei einer negativen Temperatur von -22\u00b0C und \u00fcber 400 Paletten bei einer positiven Temperatur zwischen 0\u00b0 und +5\u00b0C.<br \/>Wir garantieren unseren Kunden einen kompetenten und schnellen Service.<\/p>\t\t\t\t\t\t\t\t<\/div>\n\t\t\t\t<\/div>\n\t\t\t\t<div class=\"elementor-element elementor-element-e9c1a3f elementor-widget elementor-widget-html\" data-id=\"e9c1a3f\" data-element_type=\"widget\" data-widget_type=\"html.default\">\n\t\t\t\t<div class=\"elementor-widget-container\">\n\t\t\t\t\t<div class=\"btnold\">\n    \n    \n    <a href=\"\/de\/shop\/\" class=\"button-old_site\">Entdecke unser Shop<\/a>\n   \n  <\/div> \t\t\t\t<\/div>\n\t\t\t\t<\/div>\n\t\t\t\t\t<\/div>\n\t\t<\/div>\n\t\t\t\t\t<\/div>\n\t\t<\/section>\n\t\t\t\t<\/div>\n\t\t","protected":false},"excerpt":{"rendered":"<p>Pitoeuf SA Profitieren Sie vom Know-how aus vier Generationen seit 1930 T\u00e4glich beliefern wir zahlreiche Kunden aus der Gastronomie mit besten Qualit\u00e4tsprodukten. Unser Angebot umfasst ein breites Sortiment mit \u00fcber 3&#8217;000 verschiedenen Frisch und Tiefk\u00fchlprodukten. Dank unserem Lieferservice, bleibt unseren Kunden mehr Zeit, sich Ihren G\u00e4sten zu widmen. Wir bieten Ihnen den besten Service zum [&hellip;]<\/p>\n","protected":false},"author":6,"featured_media":0,"parent":0,"menu_order":0,"comment_status":"closed","ping_status":"closed","template":"","meta":{"footnotes":""},"class_list":["post-19686","page","type-page","status-publish","hentry"],"_links":{"self":[{"href":"https:\/\/pitoeuf.ch\/de\/wp-json\/wp\/v2\/pages\/19686","targetHints":{"allow":["GET"]}}],"collection":[{"href":"https:\/\/pitoeuf.ch\/de\/wp-json\/wp\/v2\/pages"}],"about":[{"href":"https:\/\/pitoeuf.ch\/de\/wp-json\/wp\/v2\/types\/page"}],"author":[{"embeddable":true,"href":"https:\/\/pitoeuf.ch\/de\/wp-json\/wp\/v2\/users\/6"}],"replies":[{"embeddable":true,"href":"https:\/\/pitoeuf.ch\/de\/wp-json\/wp\/v2\/comments?post=19686"}],"version-history":[{"count":3,"href":"https:\/\/pitoeuf.ch\/de\/wp-json\/wp\/v2\/pages\/19686\/revisions"}],"predecessor-version":[{"id":75339,"href":"https:\/\/pitoeuf.ch\/de\/wp-json\/wp\/v2\/pages\/19686\/revisions\/75339"}],"wp:attachment":[{"href":"https:\/\/pitoeuf.ch\/de\/wp-json\/wp\/v2\/media?parent=19686"}],"curies":[{"name":"wp","href":"https:\/\/api.w.org\/{rel}","templated":true}]}}